{"id":20,"date":"2023-01-18T15:10:34","date_gmt":"2023-01-18T14:10:34","guid":{"rendered":"http:\/\/hana-r.com\/?page_id=20"},"modified":"2023-07-13T16:38:29","modified_gmt":"2023-07-13T14:38:29","slug":"hana-r-des-vetements-de-style","status":"publish","type":"page","link":"https:\/\/hana-r.com\/","title":{"rendered":"Hana R. des v\u00eatements de style fabriqu\u00e9s \u00e0 Toulouse"},"content":{"rendered":"\n<div class=\"wp-block-columns is-layout-flex wp-container-core-columns-is-layout-9d6595d7 wp-block-columns-is-layout-flex\">\n<div class=\"wp-block-column is-layout-flow wp-block-column-is-layout-flow\">\n<figure class=\"wp-block-image size-full\"><img loading=\"lazy\" decoding=\"async\" width=\"650\" height=\"973\" src=\"https:\/\/hana-r.com\/wp-content\/uploads\/2023\/07\/portrait-hana-r-couture-toulouse.jpg\" alt=\"\" class=\"wp-image-67\" srcset=\"https:\/\/hana-r.com\/wp-content\/uploads\/2023\/07\/portrait-hana-r-couture-toulouse.jpg 650w, https:\/\/hana-r.com\/wp-content\/uploads\/2023\/07\/portrait-hana-r-couture-toulouse-200x300.jpg 200w\" sizes=\"auto, (max-width: 650px) 100vw, 650px\" \/><\/figure>\n<\/div>\n\n\n\n<div class=\"wp-block-column is-layout-flow wp-block-column-is-layout-flow\">\n<h2 class=\"wp-block-heading\" style=\"padding-top:54px;padding-right:54px;padding-bottom:54px;padding-left:54px\">SITE EN COURS DE CONSTRUCTION&#8230;<\/h2>\n<\/div>\n<\/div>\n","protected":false},"excerpt":{"rendered":"<p>SITE EN COURS DE CONSTRUCTION&#8230;<\/p>\n","protected":false},"author":1,"featured_media":0,"parent":0,"menu_order":0,"comment_status":"closed","ping_status":"closed","template":"","meta":{"_kadence_starter_templates_imported_post":false,"_kad_post_transparent":"","_kad_post_title":"","_kad_post_layout":"","_kad_post_sidebar_id":"","_kad_post_content_style":"","_kad_post_vertical_padding":"","_kad_post_feature":"","_kad_post_feature_position":"","_kad_post_header":false,"_kad_post_footer":false,"footnotes":""},"class_list":["post-20","page","type-page","status-publish","hentry"],"_links":{"self":[{"href":"https:\/\/hana-r.com\/index.php\/wp-json\/wp\/v2\/pages\/20","targetHints":{"allow":["GET"]}}],"collection":[{"href":"https:\/\/hana-r.com\/index.php\/wp-json\/wp\/v2\/pages"}],"about":[{"href":"https:\/\/hana-r.com\/index.php\/wp-json\/wp\/v2\/types\/page"}],"author":[{"embeddable":true,"href":"https:\/\/hana-r.com\/index.php\/wp-json\/wp\/v2\/users\/1"}],"replies":[{"embeddable":true,"href":"https:\/\/hana-r.com\/index.php\/wp-json\/wp\/v2\/comments?post=20"}],"version-history":[{"count":11,"href":"https:\/\/hana-r.com\/index.php\/wp-json\/wp\/v2\/pages\/20\/revisions"}],"predecessor-version":[{"id":152,"href":"https:\/\/hana-r.com\/index.php\/wp-json\/wp\/v2\/pages\/20\/revisions\/152"}],"wp:attachment":[{"href":"https:\/\/hana-r.com\/index.php\/wp-json\/wp\/v2\/media?parent=20"}],"curies":[{"name":"wp","href":"https:\/\/api.w.org\/{rel}","templated":true}]}}